{"id":86,"date":"2020-01-14T08:38:50","date_gmt":"2020-01-14T08:38:50","guid":{"rendered":"http:\/\/www.kuljetusvhulkkonen.fi\/?page_id=86"},"modified":"2022-05-19T11:16:03","modified_gmt":"2022-05-19T11:16:03","slug":"kalusto","status":"publish","type":"page","link":"https:\/\/www.kuljetusvhulkkonen.fi\/?page_id=86","title":{"rendered":"Kalusto"},"content":{"rendered":"\n<p class=\"has-text-color has-medium-font-size has-vivid-red-color\">Yrityksell\u00e4mme on 12 t\u00e4ysper\u00e4vaunuyhdistelm\u00e4\u00e4.<\/p>\n\n\n\n<figure class=\"wp-block-gallery columns-1 is-cropped wp-block-gallery-1 is-layout-flex wp-block-gallery-is-layout-flex\"><ul class=\"blocks-gallery-grid\"><li class=\"blocks-gallery-item\"><figure><img loading=\"lazy\" decoding=\"async\" width=\"1018\" height=\"222\" src=\"https:\/\/www.kuljetusvhulkkonen.fi\/wp-content\/uploads\/2020\/01\/koko-sakki-ilman-teksti\u00e4.jpg\" alt=\"\" data-id=\"29\" data-full-url=\"https:\/\/www.kuljetusvhulkkonen.fi\/wp-content\/uploads\/2020\/01\/koko-sakki-ilman-teksti\u00e4.jpg\" data-link=\"https:\/\/www.kuljetusvhulkkonen.fi\/?attachment_id=29\" class=\"wp-image-29\" srcset=\"https:\/\/www.kuljetusvhulkkonen.fi\/wp-content\/uploads\/2020\/01\/koko-sakki-ilman-teksti\u00e4.jpg 1018w, https:\/\/www.kuljetusvhulkkonen.fi\/wp-content\/uploads\/2020\/01\/koko-sakki-ilman-teksti\u00e4-300x65.jpg 300w, https:\/\/www.kuljetusvhulkkonen.fi\/wp-content\/uploads\/2020\/01\/koko-sakki-ilman-teksti\u00e4-768x167.jpg 768w\" sizes=\"auto, (max-width: 1018px) 100vw, 1018px\" \/><\/figure><\/li><\/ul><\/figure>\n\n\n\n<figure class=\"wp-block-gallery columns-2 is-cropped wp-block-gallery-2 is-layout-flex wp-block-gallery-is-layout-flex\"><ul class=\"blocks-gallery-grid\"><li class=\"blocks-gallery-item\"><figure><img loading=\"lazy\" decoding=\"async\" width=\"1024\" height=\"683\" src=\"https:\/\/www.kuljetusvhulkkonen.fi\/wp-content\/uploads\/2021\/03\/DSC_0513-1024x683.jpg\" alt=\"\" data-id=\"182\" data-link=\"https:\/\/www.kuljetusvhulkkonen.fi\/?attachment_id=182\" class=\"wp-image-182\" srcset=\"https:\/\/www.kuljetusvhulkkonen.fi\/wp-content\/uploads\/2021\/03\/DSC_0513-1024x683.jpg 1024w, https:\/\/www.kuljetusvhulkkonen.fi\/wp-content\/uploads\/2021\/03\/DSC_0513-300x200.jpg 300w, https:\/\/www.kuljetusvhulkkonen.fi\/wp-content\/uploads\/2021\/03\/DSC_0513-768x512.jpg 768w, https:\/\/www.kuljetusvhulkkonen.fi\/wp-content\/uploads\/2021\/03\/DSC_0513-1536x1024.jpg 1536w, https:\/\/www.kuljetusvhulkkonen.fi\/wp-content\/uploads\/2021\/03\/DSC_0513-2048x1365.jpg 2048w\" sizes=\"auto, (max-width: 1024px) 100vw, 1024px\" \/><\/figure><\/li><li class=\"blocks-gallery-item\"><figure><img loading=\"lazy\" decoding=\"async\" width=\"1024\" height=\"683\" src=\"https:\/\/www.kuljetusvhulkkonen.fi\/wp-content\/uploads\/2021\/03\/DSC_0897-1024x683.jpg\" alt=\"\" data-id=\"183\" data-link=\"https:\/\/www.kuljetusvhulkkonen.fi\/?attachment_id=183\" class=\"wp-image-183\" srcset=\"https:\/\/www.kuljetusvhulkkonen.fi\/wp-content\/uploads\/2021\/03\/DSC_0897-1024x683.jpg 1024w, https:\/\/www.kuljetusvhulkkonen.fi\/wp-content\/uploads\/2021\/03\/DSC_0897-300x200.jpg 300w, https:\/\/www.kuljetusvhulkkonen.fi\/wp-content\/uploads\/2021\/03\/DSC_0897-768x512.jpg 768w, https:\/\/www.kuljetusvhulkkonen.fi\/wp-content\/uploads\/2021\/03\/DSC_0897-1536x1024.jpg 1536w, https:\/\/www.kuljetusvhulkkonen.fi\/wp-content\/uploads\/2021\/03\/DSC_0897-2048x1365.jpg 2048w\" sizes=\"auto, (max-width: 1024px) 100vw, 1024px\" \/><\/figure><\/li><li class=\"blocks-gallery-item\"><figure><img loading=\"lazy\" decoding=\"async\" width=\"1024\" height=\"683\" src=\"https:\/\/www.kuljetusvhulkkonen.fi\/wp-content\/uploads\/2021\/03\/DSC_0124-1024x683.jpg\" alt=\"\" data-id=\"190\" data-link=\"https:\/\/www.kuljetusvhulkkonen.fi\/?attachment_id=190\" class=\"wp-image-190\" srcset=\"https:\/\/www.kuljetusvhulkkonen.fi\/wp-content\/uploads\/2021\/03\/DSC_0124-1024x683.jpg 1024w, https:\/\/www.kuljetusvhulkkonen.fi\/wp-content\/uploads\/2021\/03\/DSC_0124-300x200.jpg 300w, https:\/\/www.kuljetusvhulkkonen.fi\/wp-content\/uploads\/2021\/03\/DSC_0124-768x512.jpg 768w, https:\/\/www.kuljetusvhulkkonen.fi\/wp-content\/uploads\/2021\/03\/DSC_0124-1536x1024.jpg 1536w, https:\/\/www.kuljetusvhulkkonen.fi\/wp-content\/uploads\/2021\/03\/DSC_0124-2048x1365.jpg 2048w\" sizes=\"auto, (max-width: 1024px) 100vw, 1024px\" \/><\/figure><\/li><li class=\"blocks-gallery-item\"><figure><img loading=\"lazy\" decoding=\"async\" width=\"1024\" height=\"683\" src=\"https:\/\/www.kuljetusvhulkkonen.fi\/wp-content\/uploads\/2021\/03\/DSC_0125-1024x683.jpg\" alt=\"\" data-id=\"191\" data-link=\"https:\/\/www.kuljetusvhulkkonen.fi\/?attachment_id=191\" class=\"wp-image-191\" srcset=\"https:\/\/www.kuljetusvhulkkonen.fi\/wp-content\/uploads\/2021\/03\/DSC_0125-1024x683.jpg 1024w, https:\/\/www.kuljetusvhulkkonen.fi\/wp-content\/uploads\/2021\/03\/DSC_0125-300x200.jpg 300w, https:\/\/www.kuljetusvhulkkonen.fi\/wp-content\/uploads\/2021\/03\/DSC_0125-768x512.jpg 768w, https:\/\/www.kuljetusvhulkkonen.fi\/wp-content\/uploads\/2021\/03\/DSC_0125-1536x1024.jpg 1536w, https:\/\/www.kuljetusvhulkkonen.fi\/wp-content\/uploads\/2021\/03\/DSC_0125-2048x1365.jpg 2048w\" sizes=\"auto, (max-width: 1024px) 100vw, 1024px\" \/><\/figure><\/li><li class=\"blocks-gallery-item\"><figure><img loading=\"lazy\" decoding=\"async\" width=\"1024\" height=\"683\" src=\"https:\/\/www.kuljetusvhulkkonen.fi\/wp-content\/uploads\/2021\/03\/DSC_0084-1024x683.jpg\" alt=\"\" data-id=\"209\" data-link=\"https:\/\/www.kuljetusvhulkkonen.fi\/?attachment_id=209\" class=\"wp-image-209\" srcset=\"https:\/\/www.kuljetusvhulkkonen.fi\/wp-content\/uploads\/2021\/03\/DSC_0084-1024x683.jpg 1024w, https:\/\/www.kuljetusvhulkkonen.fi\/wp-content\/uploads\/2021\/03\/DSC_0084-300x200.jpg 300w, https:\/\/www.kuljetusvhulkkonen.fi\/wp-content\/uploads\/2021\/03\/DSC_0084-768x512.jpg 768w, https:\/\/www.kuljetusvhulkkonen.fi\/wp-content\/uploads\/2021\/03\/DSC_0084-1536x1024.jpg 1536w, https:\/\/www.kuljetusvhulkkonen.fi\/wp-content\/uploads\/2021\/03\/DSC_0084-2048x1365.jpg 2048w\" sizes=\"auto, (max-width: 1024px) 100vw, 1024px\" \/><\/figure><\/li><li class=\"blocks-gallery-item\"><figure><img loading=\"lazy\" decoding=\"async\" width=\"1024\" height=\"768\" src=\"https:\/\/www.kuljetusvhulkkonen.fi\/wp-content\/uploads\/2020\/01\/50283386_1351882104953717_8942046155638833152_o.jpg\" alt=\"\" data-id=\"15\" data-link=\"https:\/\/www.kuljetusvhulkkonen.fi\/?attachment_id=15\" class=\"wp-image-15\" srcset=\"https:\/\/www.kuljetusvhulkkonen.fi\/wp-content\/uploads\/2020\/01\/50283386_1351882104953717_8942046155638833152_o.jpg 1024w, https:\/\/www.kuljetusvhulkkonen.fi\/wp-content\/uploads\/2020\/01\/50283386_1351882104953717_8942046155638833152_o-300x225.jpg 300w, https:\/\/www.kuljetusvhulkkonen.fi\/wp-content\/uploads\/2020\/01\/50283386_1351882104953717_8942046155638833152_o-768x576.jpg 768w\" sizes=\"auto, (max-width: 1024px) 100vw, 1024px\" \/><\/figure><\/li><li class=\"blocks-gallery-item\"><figure><img loading=\"lazy\" decoding=\"async\" width=\"1024\" height=\"683\" src=\"https:\/\/www.kuljetusvhulkkonen.fi\/wp-content\/uploads\/2021\/03\/DSC_0221-1024x683.jpg\" alt=\"\" data-id=\"186\" data-link=\"https:\/\/www.kuljetusvhulkkonen.fi\/?attachment_id=186\" class=\"wp-image-186\" srcset=\"https:\/\/www.kuljetusvhulkkonen.fi\/wp-content\/uploads\/2021\/03\/DSC_0221-1024x683.jpg 1024w, https:\/\/www.kuljetusvhulkkonen.fi\/wp-content\/uploads\/2021\/03\/DSC_0221-300x200.jpg 300w, https:\/\/www.kuljetusvhulkkonen.fi\/wp-content\/uploads\/2021\/03\/DSC_0221-768x512.jpg 768w, https:\/\/www.kuljetusvhulkkonen.fi\/wp-content\/uploads\/2021\/03\/DSC_0221-1536x1025.jpg 1536w, https:\/\/www.kuljetusvhulkkonen.fi\/wp-content\/uploads\/2021\/03\/DSC_0221-2048x1367.jpg 2048w\" sizes=\"auto, (max-width: 1024px) 100vw, 1024px\" \/><\/figure><\/li><li class=\"blocks-gallery-item\"><figure><img loading=\"lazy\" decoding=\"async\" width=\"768\" height=\"1024\" src=\"https:\/\/www.kuljetusvhulkkonen.fi\/wp-content\/uploads\/2021\/03\/4730401d-081b-4592-9005-de60f77f07aa-768x1024.jpg\" alt=\"\" data-id=\"213\" data-link=\"https:\/\/www.kuljetusvhulkkonen.fi\/?attachment_id=213\" class=\"wp-image-213\" srcset=\"https:\/\/www.kuljetusvhulkkonen.fi\/wp-content\/uploads\/2021\/03\/4730401d-081b-4592-9005-de60f77f07aa-768x1024.jpg 768w, https:\/\/www.kuljetusvhulkkonen.fi\/wp-content\/uploads\/2021\/03\/4730401d-081b-4592-9005-de60f77f07aa-225x300.jpg 225w, https:\/\/www.kuljetusvhulkkonen.fi\/wp-content\/uploads\/2021\/03\/4730401d-081b-4592-9005-de60f77f07aa-1152x1536.jpg 1152w, https:\/\/www.kuljetusvhulkkonen.fi\/wp-content\/uploads\/2021\/03\/4730401d-081b-4592-9005-de60f77f07aa.jpg 1200w\" sizes=\"auto, (max-width: 768px) 100vw, 768px\" \/><\/figure><\/li><li class=\"blocks-gallery-item\"><figure><img loading=\"lazy\" decoding=\"async\" width=\"768\" height=\"1024\" src=\"https:\/\/www.kuljetusvhulkkonen.fi\/wp-content\/uploads\/2021\/03\/IMG_8003-768x1024.jpg\" alt=\"\" data-id=\"215\" data-link=\"https:\/\/www.kuljetusvhulkkonen.fi\/?attachment_id=215\" class=\"wp-image-215\" srcset=\"https:\/\/www.kuljetusvhulkkonen.fi\/wp-content\/uploads\/2021\/03\/IMG_8003-768x1024.jpg 768w, https:\/\/www.kuljetusvhulkkonen.fi\/wp-content\/uploads\/2021\/03\/IMG_8003-225x300.jpg 225w, https:\/\/www.kuljetusvhulkkonen.fi\/wp-content\/uploads\/2021\/03\/IMG_8003-1152x1536.jpg 1152w, https:\/\/www.kuljetusvhulkkonen.fi\/wp-content\/uploads\/2021\/03\/IMG_8003-rotated.jpg 1512w\" sizes=\"auto, (max-width: 768px) 100vw, 768px\" \/><\/figure><\/li><li class=\"blocks-gallery-item\"><figure><img loading=\"lazy\" decoding=\"async\" width=\"768\" height=\"1024\" src=\"https:\/\/www.kuljetusvhulkkonen.fi\/wp-content\/uploads\/2021\/03\/IMG_5768-768x1024.jpg\" alt=\"\" data-id=\"216\" data-full-url=\"https:\/\/www.kuljetusvhulkkonen.fi\/wp-content\/uploads\/2021\/03\/IMG_5768-rotated.jpg\" data-link=\"https:\/\/www.kuljetusvhulkkonen.fi\/?attachment_id=216\" class=\"wp-image-216\" srcset=\"https:\/\/www.kuljetusvhulkkonen.fi\/wp-content\/uploads\/2021\/03\/IMG_5768-768x1024.jpg 768w, https:\/\/www.kuljetusvhulkkonen.fi\/wp-content\/uploads\/2021\/03\/IMG_5768-225x300.jpg 225w, https:\/\/www.kuljetusvhulkkonen.fi\/wp-content\/uploads\/2021\/03\/IMG_5768-1152x1536.jpg 1152w, https:\/\/www.kuljetusvhulkkonen.fi\/wp-content\/uploads\/2021\/03\/IMG_5768-rotated.jpg 1512w\" sizes=\"auto, (max-width: 768px) 100vw, 768px\" \/><\/figure><\/li><\/ul><\/figure>\n\n\n\n<p><\/p>\n","protected":false},"excerpt":{"rendered":"<p>Yrityksell\u00e4mme on 12 t\u00e4ysper\u00e4vaunuyhdistelm\u00e4\u00e4.<\/p>\n","protected":false},"author":1,"featured_media":0,"parent":0,"menu_order":0,"comment_status":"closed","ping_status":"closed","template":"","meta":{"footnotes":""},"class_list":["post-86","page","type-page","status-publish","hentry"],"_links":{"self":[{"href":"https:\/\/www.kuljetusvhulkkonen.fi\/index.php?rest_route=\/wp\/v2\/pages\/86","targetHints":{"allow":["GET"]}}],"collection":[{"href":"https:\/\/www.kuljetusvhulkkonen.fi\/index.php?rest_route=\/wp\/v2\/pages"}],"about":[{"href":"https:\/\/www.kuljetusvhulkkonen.fi\/index.php?rest_route=\/wp\/v2\/types\/page"}],"author":[{"embeddable":true,"href":"https:\/\/www.kuljetusvhulkkonen.fi\/index.php?rest_route=\/wp\/v2\/users\/1"}],"replies":[{"embeddable":true,"href":"https:\/\/www.kuljetusvhulkkonen.fi\/index.php?rest_route=%2Fwp%2Fv2%2Fcomments&post=86"}],"version-history":[{"count":8,"href":"https:\/\/www.kuljetusvhulkkonen.fi\/index.php?rest_route=\/wp\/v2\/pages\/86\/revisions"}],"predecessor-version":[{"id":277,"href":"https:\/\/www.kuljetusvhulkkonen.fi\/index.php?rest_route=\/wp\/v2\/pages\/86\/revisions\/277"}],"wp:attachment":[{"href":"https:\/\/www.kuljetusvhulkkonen.fi\/index.php?rest_route=%2Fwp%2Fv2%2Fmedia&parent=86"}],"curies":[{"name":"wp","href":"https:\/\/api.w.org\/{rel}","templated":true}]}}