{"id":43,"date":"2020-01-14T07:43:12","date_gmt":"2020-01-14T07:43:12","guid":{"rendered":"http:\/\/www.kuljetusvhulkkonen.fi\/?page_id=43"},"modified":"2025-11-11T14:34:09","modified_gmt":"2025-11-11T14:34:09","slug":"yhteystiedot-2","status":"publish","type":"page","link":"https:\/\/www.kuljetusvhulkkonen.fi\/?page_id=43","title":{"rendered":"Yhteys- ja laskutustiedot"},"content":{"rendered":"\n<p class=\"has-vivid-red-color has-text-color has-medium-font-size\"><strong>K\u00e4yntiosoite<\/strong><br>Rauham\u00e4entie 2<br>54920 Taipalsaari<br><br><strong>Myyntiin ja markkinointiin liittyv\u00e4t yhteydenotot s\u00e4hk\u00f6postitse.<\/strong><br>S\u00e4hk\u00f6posti: toimisto (@) kuljetusvhulkkonen.fi<\/p>\n\n\n\n<p class=\"has-vivid-red-color has-text-color has-medium-font-size\"><strong>Verkkolaskuosoite:<\/strong><br>003716702234 <br>Operaattori:<br>Maventa (003721291126)<br><strong>Laskutukseen liittyv\u00e4t yhteydenotot:<\/strong><br>laskutus (@) kuljetusvhulkkonen.fi<\/p>\n\n\n\n<p class=\"has-vivid-red-color has-text-color has-medium-font-size\">Y-tunnus 1670223-4<\/p>\n\n\n\n<p class=\"has-vivid-red-color has-text-color has-medium-font-size\"><strong>Posti\/paperilaskut<\/strong><br>Kuljetus V. Hulkkonen Oy<br>R\u00f6ytynkuja 10<br>54920 Taipalsaari<br><br><strong>Kuljetus ja kalusto<\/strong><br>Jussi Hulkkonen<br>p. 040 535 2557 <\/p>\n\n\n\n<p class=\"has-vivid-red-color has-text-color has-medium-font-size\"><strong>Toimisto<\/strong><br>Mari Hulkkonen<br>p. 044 535 2562<br>mari (@) kuljetusvhulkkonen.fi <\/p>\n\n\n\n<p class=\"has-vivid-red-color has-text-color has-medium-font-size\">L\u00f6yd\u00e4t meid\u00e4t my\u00f6s <a href=\"http:\/\/facebook.fi\/kuljetusvhulkkonen\">facebookista<\/a><\/p>\n\n\n\n<p class=\"has-vivid-red-color has-text-color has-medium-font-size\">Seuraa my\u00f6s tiimimme TEAM N.12 sivuja <a href=\"http:\/\/facebook.com\/teamN12\/\">facebookissa<\/a> ja <a href=\"http:\/\/instagram.com\/teamn.12\">instagramissa<\/a><\/p>\n\n\n\n<figure class=\"wp-block-gallery has-nested-images columns-default is-cropped wp-block-gallery-1 is-layout-flex wp-block-gallery-is-layout-flex\">\n<figure class=\"wp-block-image size-large\"><img loading=\"lazy\" decoding=\"async\" width=\"1024\" height=\"128\" data-id=\"300\" src=\"https:\/\/www.kuljetusvhulkkonen.fi\/wp-content\/uploads\/2022\/05\/Nimet\u00f6n-1100-x-100-px3-1-1024x128.png\" alt=\"\" class=\"wp-image-300\" srcset=\"https:\/\/www.kuljetusvhulkkonen.fi\/wp-content\/uploads\/2022\/05\/Nimet\u00f6n-1100-x-100-px3-1-1024x128.png 1024w, https:\/\/www.kuljetusvhulkkonen.fi\/wp-content\/uploads\/2022\/05\/Nimet\u00f6n-1100-x-100-px3-1-300x38.png 300w, https:\/\/www.kuljetusvhulkkonen.fi\/wp-content\/uploads\/2022\/05\/Nimet\u00f6n-1100-x-100-px3-1-768x96.png 768w, https:\/\/www.kuljetusvhulkkonen.fi\/wp-content\/uploads\/2022\/05\/Nimet\u00f6n-1100-x-100-px3-1-1536x192.png 1536w, https:\/\/www.kuljetusvhulkkonen.fi\/wp-content\/uploads\/2022\/05\/Nimet\u00f6n-1100-x-100-px3-1.png 1600w\" sizes=\"auto, (max-width: 1024px) 100vw, 1024px\" \/><\/figure>\n<\/figure>\n\n\n\n<p><\/p>\n","protected":false},"excerpt":{"rendered":"<p>K\u00e4yntiosoiteRauham\u00e4entie 254920 Taipalsaari Myyntiin ja markkinointiin liittyv\u00e4t yhteydenotot s\u00e4hk\u00f6postitse.S\u00e4hk\u00f6posti: toimisto (@) kuljetusvhulkkonen.fi Verkkolaskuosoite:003716702234 Operaattori:Maventa (003721291126)Laskutukseen liittyv\u00e4t yhteydenotot:laskutus (@) kuljetusvhulkkonen.fi Y-tunnus 1670223-4 Posti\/paperilaskutKuljetus V. Hulkkonen OyR\u00f6ytynkuja 1054920 Taipalsaari Kuljetus ja kalustoJussi Hulkkonenp. 040 535 2557 ToimistoMari Hulkkonenp. 044 535 2562mari (@) kuljetusvhulkkonen.fi L\u00f6yd\u00e4t meid\u00e4t my\u00f6s facebookista Seuraa my\u00f6s tiimimme TEAM N.12 sivuja facebookissa ja instagramissa<\/p>\n","protected":false},"author":1,"featured_media":0,"parent":0,"menu_order":0,"comment_status":"closed","ping_status":"closed","template":"","meta":{"footnotes":""},"class_list":["post-43","page","type-page","status-publish","hentry"],"_links":{"self":[{"href":"https:\/\/www.kuljetusvhulkkonen.fi\/index.php?rest_route=\/wp\/v2\/pages\/43","targetHints":{"allow":["GET"]}}],"collection":[{"href":"https:\/\/www.kuljetusvhulkkonen.fi\/index.php?rest_route=\/wp\/v2\/pages"}],"about":[{"href":"https:\/\/www.kuljetusvhulkkonen.fi\/index.php?rest_route=\/wp\/v2\/types\/page"}],"author":[{"embeddable":true,"href":"https:\/\/www.kuljetusvhulkkonen.fi\/index.php?rest_route=\/wp\/v2\/users\/1"}],"replies":[{"embeddable":true,"href":"https:\/\/www.kuljetusvhulkkonen.fi\/index.php?rest_route=%2Fwp%2Fv2%2Fcomments&post=43"}],"version-history":[{"count":26,"href":"https:\/\/www.kuljetusvhulkkonen.fi\/index.php?rest_route=\/wp\/v2\/pages\/43\/revisions"}],"predecessor-version":[{"id":327,"href":"https:\/\/www.kuljetusvhulkkonen.fi\/index.php?rest_route=\/wp\/v2\/pages\/43\/revisions\/327"}],"wp:attachment":[{"href":"https:\/\/www.kuljetusvhulkkonen.fi\/index.php?rest_route=%2Fwp%2Fv2%2Fmedia&parent=43"}],"curies":[{"name":"wp","href":"https:\/\/api.w.org\/{rel}","templated":true}]}}